{"id":150,"date":"2019-02-26T04:32:39","date_gmt":"2019-02-26T04:32:39","guid":{"rendered":"https:\/\/fomci2025.ici225.com\/?page_id=150"},"modified":"2019-02-26T04:32:39","modified_gmt":"2019-02-26T04:32:39","slug":"startup-business","status":"publish","type":"page","link":"https:\/\/fomci2025.ici225.com\/","title":{"rendered":"ACCUEIL"},"content":{"rendered":"<div class=\"wpb-content-wrapper\"><p>[vc_row full_width=\u00a0\u00bbstretch_row\u00a0\u00bb background_color=\u00a0\u00bbcustom\u00a0\u00bb custom_background_color=\u00a0\u00bb#f4efe9&Prime;][vc_column]\n\t\t\t<sr7-module data-alias=\"Error-Module\" data-id=\"ERROR\" id=\"SR7_ERROR_1\" class=\"\" data-version=\"6.7.25\">\n\t\t\t\t<sr7-adjuster><\/sr7-adjuster>\n\t\t\t\t<sr7-content>\n\t\t\t\t\t<sr7-slide id=\"SR7_ERROR_1-1\" data-key=\"1\">\n\t\t\t\t\t\t<sr7-txt id=\"SR7_ERROR_1-1-1\" class=\"sr7-layer\">Slider with alias processing not found.<\/sr7-txt>\n\t\t\t\t\t\t<sr7-txt id=\"SR7_ERROR_1-1-2\" class=\"sr7-layer\">There is nothing to show here!<\/sr7-txt>\n\t\t\t\t\t\t<sr7-txt id=\"SR7_ERROR_1-1-3\" class=\"sr7-layer\"><i class=\"fa-warning\"><\/i><\/sr7-txt>\n\t\t\t\t\t<\/sr7-slide>\n\t\t\t\t<\/sr7-content>\n\t\t\t<\/sr7-module>\n\t\t\t<script>\n\t\t\t\twindow.SR7 ??= {};\n\t\t\t\tSR7.JSON ??= {};\n\t\t\t\tSR7.JSON[\"SR7_ERROR_1\"] = {id:\"ERROR\", settings:{\"title\":\"Error Module\",\"alias\":\"Error Module\",\"type\":\"hero\", \"size\":{\"width\": [1240,1240,1024,778,480],\"height\": [600,600,600,600,480]}},\"slides\":{\"1\":{\"slide\":{\"id\":\"1\",\"version\":\"6.7.25\",\"order\":1},\"layers\":{\"1\":{\"fluid\":{\"tx\":true,\"tr\":true,\"sp\":true},\"id\":1,\"alias\":\"Subtext\",\"size\":{\"w\":[\"850px\",\"800px\",\"600px\",\"450px\",\"450px\"]}, \"content\":{\"text\":\"Slider with alias processing not found.\"},\"pos\":{\"y\":[\"30px\",\"30px\",\"20px\",\"16px\",\"13px\"],\"h\":[\"center\",\"center\",\"center\",\"center\",\"center\"],\"v\":[\"middle\",\"middle\",\"middle\",\"middle\",\"middle\"],\"pos\":\"absolute\"},\"zIndex\":6,\"order\":6,\"display\":[\"block\",\"block\",\"block\",\"block\",\"block\"],\"tl\":{\"in\":{\"content\":{\"all\":[{\"t\":0,\"d\":0,\"f\":0,\"e\":\"power3.inOut\",\"pE\":\"d\",\"sX\":0.9,\"sY\":0.9,\"o\":0},{\"t\":370,\"d\":850,\"f\":850,\"e\":\"power3.inOut\",\"pE\":\"d\",\"sX\":1,\"sY\":1,\"o\":1}]}},\"out\":{\"content\":{\"all\":[{\"t\":0,\"d\":300,\"f\":300,\"e\":\"power3.inOut\",\"pE\":\"n\",\"o\":0}]}}},\"tA\":[\"center\",\"center\",\"center\",\"center\",\"center\"],\"color\":[\"#000000\",\"#000000\",\"#000000\",\"#000000\",\"#000000\"],\"font\":{\"family\":'Arial, Helvetica, sans-serif',\"size\":[\"#a\",20,16,12,7],\"weight\":[\"200\",\"200\",\"200\",\"200\",\"200\"],\"ls\":[0,0,0,0,0]},\"lh\":[\"#a\",\"24px\",\"20px\",\"16px\",\"7px\"],\"type\":\"text\"},\"2\":{\"fluid\":{\"tx\":true,\"tr\":true,\"sp\":true},\"id\":2,\"alias\":\"Title\",\"content\":{\"text\":\"There is nothing to show here!\"},\"pos\":{\"y\":[\"-20px\",\"-20px\",\"-16px\",\"-12px\",\"-7px\"],\"h\":[\"center\",\"center\",\"center\",\"center\",\"center\"],\"v\":[\"middle\",\"middle\",\"middle\",\"middle\",\"middle\"],\"pos\":\"absolute\"},\"zIndex\":7,\"order\":7,\"display\":[\"block\",\"block\",\"block\",\"block\",\"block\"],\"tl\":{\"in\":{\"content\":{\"all\":[{\"t\":0,\"d\":0,\"f\":0,\"e\":\"power3.inOut\",\"pE\":\"d\",\"sX\":0.9,\"sY\":0.9,\"o\":0},{\"t\":200,\"d\":1000,\"f\":1000,\"e\":\"power3.inOut\",\"pE\":\"d\",\"sX\":1,\"sY\":1,\"o\":1}]}},\"out\":{\"content\":{\"all\":[{\"t\":0,\"d\":300,\"f\":300,\"e\":\"power3.inOut\",\"pE\":\"n\",\"o\":0}]}}},\"tA\":[\"center\",\"center\",\"center\",\"center\",\"center\"],\"color\":[\"#000000\",\"#000000\",\"#000000\",\"#000000\",\"#000000\"],\"font\":{\"family\":\"'Arial, Helvetica, sans-serif'\",\"size\":[\"30px\",\"30px\",\"24px\",\"18px\",\"11px\"],\"weight\":[\"200\",\"200\",\"200\",\"200\",\"200\"],\"ls\":[0,0,0,0,0]},\"lh\":[\"30px\",\"30px\",\"24px\",\"18px\",\"11px\"],\"type\":\"text\"},\"3\":{\"fluid\":{\"tx\":true,\"tr\":true,\"sp\":true},\"id\":3,\"alias\":\"Title\",\"content\":{\"text\":\"<i class=\\\"fa-warning\\\"><\/i>\"},\"pos\":{\"y\":[\"-70px\",\"-70px\",\"-57px\",\"-43px\",\"-26px\"],\"h\":[\"center\",\"center\",\"center\",\"center\",\"center\"],\"v\":[\"middle\",\"middle\",\"middle\",\"middle\",\"middle\"],\"pos\":\"absolute\"},\"zIndex\":8,\"order\":8,\"display\":[\"block\",\"block\",\"block\",\"block\",\"block\"],\"tl\":{\"in\":{\"content\":{\"all\":[{\"t\":0,\"d\":0,\"f\":0,\"e\":\"power3.inOut\",\"pE\":\"d\",\"sX\":0.9,\"sY\":0.9,\"o\":0},{\"t\":0,\"d\":1040,\"f\":1040,\"e\":\"power3.inOut\",\"pE\":\"d\",\"sX\":1,\"sY\":1,\"o\":1}]}},\"out\":{\"content\":{\"all\":[{\"t\":0,\"d\":300,\"f\":300,\"e\":\"power3.inOut\",\"pE\":\"n\",\"o\":0}]}}},\"tA\":[\"center\",\"center\",\"center\",\"center\",\"center\"],\"color\":[\"#ff3a2d\",\"#ff3a2d\",\"#ff3a2d\",\"#ff3a2d\",\"#ff3a2d\"],\"font\":{\"family\":\"'Arial, Helvetica, sans-serif'\",\"size\":[\"50px\",\"50px\",\"41px\",\"31px\",\"19px\"],\"weight\":[400,400,400,400,400],\"ls\":[0,0,0,0,0]},\"lh\":[\"50px\",\"50px\",\"41px\",\"31px\",\"19px\"],\"type\":\"text\"},\"32\":{\"rTo\":\"slide\",\"id\":32,\"subtype\":\"slidebg\",\"size\":{\"cMode\":\"cover\"},\"bg\":{\"color\":\"#ffffff\"},\"tl\":{\"in\":{\"bg\":{\"ms\":1000,\"rnd\":false,\"temp\":{\"t\":\"*opacity* Fade In\",\"p\":\"fade\",\"m\":\"basic\",\"g\":\"fade\"},\"in\":{\"o\":0},\"out\":{\"a\":false}}}},\"type\":\"shape\"}}}}}\n\t\t\t\tSR7.PMH ??={}; SR7.PMH[\"SR7_ERROR_1\"] = {cn:0,state:false,fn: function() { if (_tpt!==undefined && _tpt.prepareModuleHeight !== undefined) {_tpt.prepareModuleHeight({id:\"SR7_ERROR_1\",\"size\":{\"width\":[1240,1240,1024,778,480],\"height\":[900,900,768,960,720]}}); SR7.PMH[\"SR7_ERROR_1\"].state=true;} else if((SR7.PMH[\"SR7_ERROR_1\"].cn++)<100) setTimeout( SR7.PMH[\"SR7_ERROR_1\"].fn,19);}}; SR7.PMH[\"SR7_ERROR_1\" ].fn();\t\t\t<\/script>\n[\/vc_column][\/vc_row][vc_row equal_height=\u00a0\u00bbyes\u00a0\u00bb lg_spacing=\u00a0\u00bbpadding_top:100;padding_bottom:100&Prime;][vc_column width=\u00a0\u00bb1\/4&Prime;][tm_image align=\u00a0\u00bbcenter\u00a0\u00bb image=\u00a0\u00bb10539&Prime;][\/vc_column][vc_column width=\u00a0\u00bb1\/2&Prime;][tm_spacer size=\u00a0\u00bblg:25&Prime;][vc_column_text]<\/p>\n<p class=\"separator_off\" style=\"text-align: left;\"><span style=\"font-family: Hackney, sans-serif; font-size: 30pt; color: #ff9900; line-height: 1em;\">SOULEYMANE DIARRASSOUBA<\/span><\/p>\n<p>[\/vc_column_text][tm_heading style=\u00a0\u00bbmodern\u00a0\u00bb custom_google_font=\u00a0\u00bb\u00a0\u00bb text_color=\u00a0\u00bbcustom\u00a0\u00bb custom_text_color=\u00a0\u00bb#ababab\u00a0\u00bb]Ministre du Commerce,<br \/>\nde l\u2019Industrie et de la promotion des PME[\/tm_heading][tm_spacer size=\u00a0\u00bblg:22&Prime;][vc_column_text]<\/p>\n<p style=\"text-align: justify;\">\u00ab \u2026. Enti\u00e8rement d\u00e9termin\u00e9 \u00e0 valoriser les produits Made in C\u00f4te d\u2019Ivoire, notre pays qui s\u2019est fix\u00e9 comme objectif d\u2019appartenir au cercle des pays \u00e9mergents, se doit d\u2019accentuer les actions de promotion de l\u2019innovation et de la qualit\u00e9 des produits Made in C\u00f4te d\u2019Ivoire, de les rendre plus pr\u00e9sentes, plus audacieuses et plus agressives, partout o\u00f9 il y a des parts de march\u00e9 \u00e0 conqu\u00e9rir. C\u2019est pourquoi tous les acteurs \u00e9conomiques ivoiriens ouverts \u00e0 l\u2019ext\u00e9riorisation ainsi que tous les consommateurs friands de qualit\u00e9, tous sans distinction doivent s\u2019approprier cette plateforme&#8230; \u00bb<\/p>\n<p>[\/vc_column_text][tm_spacer size=\u00a0\u00bblg:44&Prime;][\/vc_column][vc_column width=\u00a0\u00bb1\/4&Prime; content_position=\u00a0\u00bbmiddle\u00a0\u00bb align=\u00a0\u00bbcenter\u00a0\u00bb lg_spacing=\u00a0\u00bbpadding_top:50;padding_bottom:50&Prime;][tm_image align=\u00a0\u00bbcenter\u00a0\u00bb image=\u00a0\u00bb10540&Prime;][\/vc_column][\/vc_row][vc_row full_width=\u00a0\u00bbstretch_row_content_no_spaces\u00a0\u00bb background_color=\u00a0\u00bbprimary\u00a0\u00bb][vc_column lg_spacing=\u00a0\u00bbpadding_top:60;padding_bottom:20&Prime;][vc_column_text]<\/p>\n<p class=\"separator_off\" style=\"text-align: center;\"><span style=\"font-family: Hackney, sans-serif; font-size: 30pt; color: #ffffff; line-height: 1em;\">LA FOIRE DU MADE IN C\u00d4TE D\u2019IVOIRE 2023, C\u2019EST:<\/span><\/p>\n<p>[\/vc_column_text][\/vc_column][\/vc_row][vc_row full_width=\u00a0\u00bbstretch_row_content_no_spaces\u00a0\u00bb][vc_column width=\u00a0\u00bb1\/2&Prime; custom_border_color=\u00a0\u00bb\u00a0\u00bb background_color=\u00a0\u00bbprimary\u00a0\u00bb lg_spacing=\u00a0\u00bbpadding_top:50;padding_right:20;padding_bottom:50;padding_left:150&Prime;][vc_row_inner lg_spacing=\u00a0\u00bbpadding_left:100&Prime;][vc_column_inner width=\u00a0\u00bb1\/4&Prime;][tm_image image_size=\u00a0\u00bbcustom\u00a0\u00bb align=\u00a0\u00bbcenter\u00a0\u00bb image=\u00a0\u00bb10515&Prime; max_width=\u00a0\u00bb120px\u00a0\u00bb][tm_spacer size=\u00a0\u00bbsm:20;lg:20&Prime;][vc_column_text]<\/p>\n<p style=\"text-align: center;\"><span style=\"font-size: 10pt; color: #ffffff;\">Une conf\u00e9rence inaugurale<\/span><\/p>\n<p>[\/vc_column_text][\/vc_column_inner][vc_column_inner width=\u00a0\u00bb1\/4&Prime;][tm_image align=\u00a0\u00bbcenter\u00a0\u00bb image=\u00a0\u00bb10514&Prime; max_width=\u00a0\u00bb120px\u00a0\u00bb][tm_spacer size=\u00a0\u00bbsm:20;lg:20&Prime;][vc_column_text]<\/p>\n<p style=\"text-align: center;\"><span style=\"color: #ffffff; font-size: 10pt;\">5 jours de conf\u00e9rences d\u00e9bats anim\u00e9s par un panel d\u2019experts<\/span><\/p>\n<p>[\/vc_column_text][\/vc_column_inner][vc_column_inner width=\u00a0\u00bb1\/4&Prime;][tm_image align=\u00a0\u00bbcenter\u00a0\u00bb image=\u00a0\u00bb10514&Prime; max_width=\u00a0\u00bb120px\u00a0\u00bb][tm_spacer size=\u00a0\u00bbsm:20;lg:20&Prime;][vc_column_text]<\/p>\n<p style=\"text-align: center;\"><span style=\"color: #ffffff; font-size: 10pt;\">Des rencontres B2B<\/span><\/p>\n<p>[\/vc_column_text][\/vc_column_inner][vc_column_inner width=\u00a0\u00bb1\/4&Prime;][tm_image align=\u00a0\u00bbcenter\u00a0\u00bb image=\u00a0\u00bb10513&Prime; max_width=\u00a0\u00bb120px\u00a0\u00bb][tm_spacer size=\u00a0\u00bbsm:20;lg:20&Prime;][vc_column_text]<\/p>\n<p style=\"text-align: center;\"><span style=\"color: #ffffff; font-size: 10pt;\">Une exposition multisectorielle de +200 Exposants<\/span><\/p>\n<p>[\/vc_column_text][\/vc_column_inner][\/vc_row_inner][\/vc_column][vc_column width=\u00a0\u00bb1\/2&Prime; background_color=\u00a0\u00bbprimary\u00a0\u00bb lg_spacing=\u00a0\u00bbpadding_top:50;padding_right:150;padding_bottom:50;padding_left:20&Prime;][vc_row_inner lg_spacing=\u00a0\u00bbpadding_right:100&Prime;][vc_column_inner width=\u00a0\u00bb1\/4&Prime;][tm_image image_size=\u00a0\u00bbcustom\u00a0\u00bb align=\u00a0\u00bbcenter\u00a0\u00bb image=\u00a0\u00bb10523&Prime; max_width=\u00a0\u00bb120px\u00a0\u00bb][tm_spacer size=\u00a0\u00bbsm:20;lg:20&Prime;][vc_column_text]<\/p>\n<p style=\"text-align: center;\"><span style=\"color: #ffffff;\">Une exposition de projets des jeunes<\/span><\/p>\n<p>[\/vc_column_text][\/vc_column_inner][vc_column_inner width=\u00a0\u00bb1\/4&Prime;][tm_image image_size=\u00a0\u00bbcustom\u00a0\u00bb align=\u00a0\u00bbcenter\u00a0\u00bb image=\u00a0\u00bb10521&Prime; max_width=\u00a0\u00bb120px\u00a0\u00bb][tm_spacer size=\u00a0\u00bbsm:20;lg:20&Prime;][vc_column_text]<\/p>\n<p style=\"text-align: center;\"><span style=\"color: #ffffff;\">une d\u00e9gustation de produits locaux<\/span><\/p>\n<p>[\/vc_column_text][\/vc_column_inner][vc_column_inner width=\u00a0\u00bb1\/4&Prime;][tm_image image_size=\u00a0\u00bbcustom\u00a0\u00bb align=\u00a0\u00bbcenter\u00a0\u00bb image=\u00a0\u00bb10516&Prime; max_width=\u00a0\u00bb120px\u00a0\u00bb][tm_spacer size=\u00a0\u00bbsm:20;lg:20&Prime;][vc_column_text]<\/p>\n<p style=\"text-align: center;\"><span style=\"color: #ffffff;\">Des ateliers pour enfants (fomci kids)<\/span><\/p>\n<p>[\/vc_column_text][\/vc_column_inner][vc_column_inner width=\u00a0\u00bb1\/4&Prime;][tm_image image_size=\u00a0\u00bbcustom\u00a0\u00bb align=\u00a0\u00bbcenter\u00a0\u00bb image=\u00a0\u00bb10522&Prime; max_width=\u00a0\u00bb120px\u00a0\u00bb][tm_spacer size=\u00a0\u00bbsm:20;lg:20&Prime;][vc_column_text]<\/p>\n<p style=\"text-align: center;\"><span style=\"color: #ffffff; font-size: 10pt;\">un d\u00e9fil\u00e9 de mode mettant en valeur les cr\u00e9ations de stylistes<\/span><\/p>\n<p>[\/vc_column_text][\/vc_column_inner][\/vc_row_inner][\/vc_column][\/vc_row][vc_row full_width=\u00a0\u00bbstretch_row\u00a0\u00bb content_placement=\u00a0\u00bbmiddle\u00a0\u00bb disable_element=\u00a0\u00bbyes\u00a0\u00bb custom_border_color=\u00a0\u00bb#efefef\u00a0\u00bb background_color=\u00a0\u00bbcustom\u00a0\u00bb lg_spacing=\u00a0\u00bbpadding_top:100;padding_bottom:100&Prime; custom_background_color=\u00a0\u00bb#00ad08&Prime;][vc_column offset=\u00a0\u00bbvc_col-md-offset-1 vc_col-md-4&Prime;][tm_image align=\u00a0\u00bbcenter\u00a0\u00bb image=\u00a0\u00bb2904&Prime;][vc_column_text]<\/p>\n<p style=\"text-align: center;\"><span style=\"font-size: 18pt; color: #ffffff;\"><em><strong>#FOMCI2023<\/strong><\/em><\/span><\/p>\n<p>[\/vc_column_text][tm_spacer size=\u00a0\u00bbsm:20&Prime;][\/vc_column][vc_column width=\u00a0\u00bb1\/2&Prime; content_position=\u00a0\u00bbmiddle\u00a0\u00bb][tm_grid columns=\u00a0\u00bbxs:1;lg:2&Prime; column_gutter=\u00a0\u00bblg:30&Prime; row_gutter=\u00a0\u00bblg:54&Prime;][tm_counter align=\u00a0\u00bbleft\u00a0\u00bb number_color=\u00a0\u00bbcustom\u00a0\u00bb text_color=\u00a0\u00bbcustom\u00a0\u00bb number=\u00a0\u00bb50000&Prime; text=\u00a0\u00bbvisiteurs attendus\u00a0\u00bb custom_number_color=\u00a0\u00bb#ffffff\u00a0\u00bb custom_text_color=\u00a0\u00bb#f2dd21&Prime;][tm_counter align=\u00a0\u00bbleft\u00a0\u00bb number_color=\u00a0\u00bbcustom\u00a0\u00bb text_color=\u00a0\u00bbcustom\u00a0\u00bb number=\u00a0\u00bb5&Prime; text=\u00a0\u00bbjours d&rsquo;expo-vente\u00a0\u00bb custom_number_color=\u00a0\u00bb#ffffff\u00a0\u00bb custom_text_color=\u00a0\u00bb#f2dd21&Prime;][tm_counter align=\u00a0\u00bbleft\u00a0\u00bb number_color=\u00a0\u00bbcustom\u00a0\u00bb text_color=\u00a0\u00bbcustom\u00a0\u00bb number=\u00a0\u00bb200&Prime; text=\u00a0\u00bbexposants\u00a0\u00bb number_prefix=\u00a0\u00bb+\u00a0\u00bb custom_number_color=\u00a0\u00bb#ffffff\u00a0\u00bb custom_text_color=\u00a0\u00bb#f2dd21&Prime;][tm_counter align=\u00a0\u00bbleft\u00a0\u00bb number_color=\u00a0\u00bbcustom\u00a0\u00bb text_color=\u00a0\u00bbcustom\u00a0\u00bb number=\u00a0\u00bb1&Prime; text=\u00a0\u00bbpersonnes touch\u00e9es sur les r\u00e9seaux sociaux\u00a0\u00bb number_suffix=\u00a0\u00bbM\u00a0\u00bb custom_number_color=\u00a0\u00bb#ffffff\u00a0\u00bb custom_text_color=\u00a0\u00bb#f2dd21&Prime;][\/tm_grid][\/vc_column][\/vc_row][vc_row full_width=\u00a0\u00bbstretch_row\u00a0\u00bb content_placement=\u00a0\u00bbmiddle\u00a0\u00bb background_color=\u00a0\u00bbcustom\u00a0\u00bb custom_background_color=\u00a0\u00bb#f8f8f8&Prime;][vc_column width=\u00a0\u00bb1\/2&Prime;][tm_image align=\u00a0\u00bbcenter\u00a0\u00bb image=\u00a0\u00bb10361&Prime; lg_spacing=\u00a0\u00bbpadding_top:45;padding_bottom:45&Prime;][\/vc_column][vc_column width=\u00a0\u00bb1\/2&Prime; lg_spacing=\u00a0\u00bbpadding_right:85;padding_left:85&Prime;][vc_column_text]<\/p>\n<p style=\"text-align: center;\"><span style=\"color: #25487f; font-size: 18pt;\">Suivez-nous<\/span><\/p>\n<p>[\/vc_column_text][tm_spacer size=\u00a0\u00bblg:30&Prime;][tm_mailchimp_form style=\u00a0\u00bb05&Prime; button_bg_color=\u00a0\u00bb\u00a0\u00bb font_color=\u00a0\u00bb\u00a0\u00bb button_border_color=\u00a0\u00bb\u00a0\u00bb button_icon_color=\u00a0\u00bb\u00a0\u00bb button_bg_color_hover=\u00a0\u00bb\u00a0\u00bb font_color_hover=\u00a0\u00bb\u00a0\u00bb button_border_color_hover=\u00a0\u00bb\u00a0\u00bb][tm_spacer size=\u00a0\u00bblg:30&Prime;][tm_social_networks style=\u00a0\u00bblarge-icons\u00a0\u00bb align=\u00a0\u00bbcenter\u00a0\u00bb][\/vc_column][\/vc_row][vc_row full_width=\u00a0\u00bbstretch_row\u00a0\u00bb background_color=\u00a0\u00bbcustom\u00a0\u00bb custom_background_color=\u00a0\u00bb#f6f2ed\u00a0\u00bb][vc_column][tm_spacer size=\u00a0\u00bbsm:120;lg:150&Prime;][tm_heading custom_google_font=\u00a0\u00bb1&Prime; google_fonts=\u00a0\u00bbfont_family:hackney%3Aregular|font_style:400%20regular%3A400%3Anormal\u00a0\u00bb text_transform=\u00a0\u00bbuppercase\u00a0\u00bb align=\u00a0\u00bbcenter\u00a0\u00bb text_color=\u00a0\u00bbcustom\u00a0\u00bb custom_text_color=\u00a0\u00bb#dd9933&Prime; font_size=\u00a0\u00bbxs:34;sm:44;md:54;lg:64&Prime; line_height=\u00a0\u00bb1.13&Prime;]actualit\u00e9[\/tm_heading][tm_spacer size=\u00a0\u00bblg:30&Prime;][tm_grid style=\u00a0\u00bbmodern-metro-3-columns\u00a0\u00bb column_gutter=\u00a0\u00bblg:30&Prime; row_gutter=\u00a0\u00bblg:30&Prime;][tm_box_large_image style=\u00a0\u00bb02&Prime; align=\u00a0\u00bbcenter\u00a0\u00bb image=\u00a0\u00bb10353&Prime; heading=\u00a0\u00bbla qualit\u00e9 made in C\u00f4te d&rsquo;Ivoire\u00a0\u00bb text=\u00a0\u00bbau coeur d&rsquo;un forum \u00e0 Abidjan\u00a0\u00bb][tm_box_large_image style=\u00a0\u00bb02&Prime; align=\u00a0\u00bbcenter\u00a0\u00bb image=\u00a0\u00bb10351&Prime; box_link=\u00a0\u00bburl:%23|title:Healthcare||\u00a0\u00bb heading=\u00a0\u00bb50.000 visiteurs attendus \u00e0 la 2\u00e8me \u00e9dition de la Foire du Made in C\u00f4te d\u2019Ivoire en novembre \u00e0 Abidjan\u00a0\u00bb text=\u00a0\u00bb\u00e0 la 2\u00e8me \u00e9dition de la Foire du Made in C\u00f4te d\u2019Ivoire en novembre \u00e0 Abidjan\u00a0\u00bb button=\u00a0\u00bburl:%23|title:Healthcare||\u00a0\u00bb][tm_box_large_image style=\u00a0\u00bb02&Prime; align=\u00a0\u00bbcenter\u00a0\u00bb image=\u00a0\u00bb10355&Prime; box_link=\u00a0\u00bburl:%23|title:Business||\u00a0\u00bb heading=\u00a0\u00bbPlus de 50.000 visiteurs attendus\u00a0\u00bb text=\u00a0\u00bb\u00e0 la 2e \u00e9dition de la Foire Made in C\u00f4te d\u2019Ivoire\u00a0\u00bb button=\u00a0\u00bburl:%23|title:Business||\u00a0\u00bb][\/tm_grid][tm_spacer size=\u00a0\u00bbsm:120;lg:142&Prime;][\/vc_column][\/vc_row]<\/p>\n<\/div>","protected":false},"excerpt":{"rendered":"<p>[vc_row full_width=\u00a0\u00bbstretch_row\u00a0\u00bb background_color=\u00a0\u00bbcustom\u00a0\u00bb custom_background_color=\u00a0\u00bb#f4efe9&Prime;][vc_column][\/vc_column][\/vc_row][vc_row equal_height=\u00a0\u00bbyes\u00a0\u00bb lg_spacing=\u00a0\u00bbpadding_top:100;padding_bottom:100&Prime;][vc_column width=\u00a0\u00bb1\/4&Prime;][tm_image align=\u00a0\u00bbcenter\u00a0\u00bb image=\u00a0\u00bb10539&Prime;][\/vc_column][vc_column width=\u00a0\u00bb1\/2&Prime;][tm_spacer size=\u00a0\u00bblg:25&Prime;][vc_column_text] SOULEYMANE DIARRASSOUBA [\/vc_column_text][tm_heading style=\u00a0\u00bbmodern\u00a0\u00bb custom_google_font=\u00a0\u00bb\u00a0\u00bb text_color=\u00a0\u00bbcustom\u00a0\u00bb custom_text_color=\u00a0\u00bb#ababab\u00a0\u00bb]Ministre du Commerce, de l\u2019Industrie et de la promotion des PME[\/tm_heading][tm_spacer size=\u00a0\u00bblg:22&Prime;][vc_column_text] \u00ab \u2026. Enti\u00e8rement d\u00e9termin\u00e9 \u00e0 valoriser les produits Made in C\u00f4te d\u2019Ivoire, notre pays qui s\u2019est fix\u00e9 comme objectif d\u2019appartenir au cercle des pays \u00e9mergents, se [&hellip;]<\/p>\n","protected":false},"author":1,"featured_media":0,"parent":399,"menu_order":0,"comment_status":"closed","ping_status":"closed","template":"","meta":{"footnotes":""},"class_list":["post-150","page","type-page","status-publish","hentry"],"_links":{"self":[{"href":"https:\/\/fomci2025.ici225.com\/index.php?rest_route=\/wp\/v2\/pages\/150","targetHints":{"allow":["GET"]}}],"collection":[{"href":"https:\/\/fomci2025.ici225.com\/index.php?rest_route=\/wp\/v2\/pages"}],"about":[{"href":"https:\/\/fomci2025.ici225.com\/index.php?rest_route=\/wp\/v2\/types\/page"}],"author":[{"embeddable":true,"href":"https:\/\/fomci2025.ici225.com\/index.php?rest_route=\/wp\/v2\/users\/1"}],"replies":[{"embeddable":true,"href":"https:\/\/fomci2025.ici225.com\/index.php?rest_route=%2Fwp%2Fv2%2Fcomments&post=150"}],"version-history":[{"count":0,"href":"https:\/\/fomci2025.ici225.com\/index.php?rest_route=\/wp\/v2\/pages\/150\/revisions"}],"up":[{"embeddable":true,"href":"https:\/\/fomci2025.ici225.com\/index.php?rest_route=\/wp\/v2\/pages\/399"}],"wp:attachment":[{"href":"https:\/\/fomci2025.ici225.com\/index.php?rest_route=%2Fwp%2Fv2%2Fmedia&parent=150"}],"curies":[{"name":"wp","href":"https:\/\/api.w.org\/{rel}","templated":true}]}}