{"id":10568,"date":"2023-07-13T17:46:48","date_gmt":"2023-07-13T15:46:48","guid":{"rendered":"https:\/\/fomci.ici225.com\/?page_id=10568"},"modified":"2023-07-13T17:46:48","modified_gmt":"2023-07-13T15:46:48","slug":"mot-du-ministre","status":"publish","type":"page","link":"https:\/\/fomci2025.ici225.com\/?page_id=10568","title":{"rendered":"MOT DU MINISTRE"},"content":{"rendered":"<div class=\"wpb-content-wrapper\"><p>[vc_row][vc_column][tm_spacer size=\u00a0\u00bblg:125&Prime;][tm_heading style=\u00a0\u00bbmodern\u00a0\u00bb tag=\u00a0\u00bbh6&Prime; custom_google_font=\u00a0\u00bb\u00a0\u00bb text_color=\u00a0\u00bbcustom\u00a0\u00bb custom_text_color=\u00a0\u00bb#ababab\u00a0\u00bb]FOMCI 2023[\/tm_heading][tm_spacer size=\u00a0\u00bbsm:30;lg:29&Prime;][vc_row_inner][vc_column_inner width=\u00a0\u00bb1\/3&Prime;][tm_image align=\u00a0\u00bbcenter\u00a0\u00bb image=\u00a0\u00bb10539&Prime;][tm_spacer size=\u00a0\u00bbsm:30;lg:20&Prime;][vc_column_text css=\u00a0\u00bb.vc_custom_1689264189787{padding-top: 5px !important;padding-right: 8px !important;padding-bottom: 5px !important;padding-left: 8px !important;}\u00a0\u00bb]<span style=\"font-size: 10pt;\">Mr Souleymane DIARRASSOUBA<\/span>[\/vc_column_text][vc_column_text css=\u00a0\u00bb.vc_custom_1689264203348{padding-right: 8px !important;padding-left: 8px !important;}\u00a0\u00bb]<strong><span style=\"color: #888888; font-size: 10pt;\">MINISTRE DU COMMERCE, DE L\u2019INDUSTRIE ET DE LA PROMOTION DES PME<\/span><\/strong>[\/vc_column_text][\/vc_column_inner][vc_column_inner width=\u00a0\u00bb2\/3&Prime;][vc_column_text]La strat\u00e9gie de d\u00e9veloppement mise en \u0153uvre par le Gouvernement, inspir\u00e9e de la vision de Son Excellence Monsieur Alassane OUATTARA, Pr\u00e9sident de la R\u00e9publique, est ax\u00e9e sur le renforcement et la modernisation de la gouvernance \u00e9conomique et sociale, \u00e0 travers notamment la concr\u00e9tisation du pilier 1 du Plan National de D\u00e9veloppement 2021-2025 d\u2019un montant de 90 milliards d\u2019euros (59 000 milliards de FCFA) consacr\u00e9 \u00e0 l\u2019acc\u00e9l\u00e9ration de la transformation structurelle de l\u2019\u00e9conomie ivoirienne par l\u2019industrialisation et le d\u00e9veloppement des grappes industrielles.<\/p>\n<p>Les diff\u00e9rentes r\u00e9formes mises en \u0153uvre (adoption du Code des investissements, am\u00e9lioration de l\u2019environnement des affaires avec la cr\u00e9ation du Tribunal de Commerce et de la Cour d\u2019appel du Commerce, cr\u00e9ation de Guichets Uniques : le Guichet Unique de Formalit\u00e9s d&rsquo;Entreprises, le Guichet Unique du Commerce Ext\u00e9rieur, le Guichet Unique du Permis de Construire, et tout r\u00e9cemment le Guichet Unique de D\u00e9veloppement des Entreprises de C\u00f4te d\u2019Ivoire, etc.) et les investissements publics notamment dans les infrastructures \u00e9conomiques par le Gouvernement ivoirien ont servi de catalyseur pour la participation du secteur priv\u00e9 dont les investissements sont pass\u00e9s de 1 091 milliards de FCFA (8,9% du produit int\u00e9rieur brut) en 2010 \u00e0 7 248 milliards de FCFA (16,6% du PIB) en 2022 (soit une hausse globale de 564,3%).<\/p>\n<p>La valeur ajout\u00e9e de l\u2019industrie manufacturi\u00e8re, quant \u00e0 elle, s\u2019est acc\u00e9l\u00e9r\u00e9e entre 2010 et 2022 \u00e0 un rythme global de 205,2%, en passant de 1 551 milliards de FCFA en 2010 \u00e0 4 733 milliards de FCFA en 2022, avec la production de biens aux standards internationaux gr\u00e2ce au renforcement du dispositif de la qualit\u00e9 (normes rendues d\u2019application obligatoire) et de la lutte contre la fraude et la contrefa\u00e7on, et au renforcement de la comp\u00e9titivit\u00e9 des entreprises industrielles.<\/p>\n<p>La production manufacturi\u00e8re permet de satisfaire les besoins de la classe moyenne \u00e9mergente estim\u00e9e \u00e0 30% et d\u2019exporter vers le reste du monde des produits manufacturiers repr\u00e9sentant 8,8% des exportations totales de la C\u00f4te d\u2019Ivoire en 2020, selon les statistiques du World Development Indicators de la Banque Mondiale.<\/p>\n<p>Par ailleurs, l\u2019artisanat ivoirien et l\u2019industrie culturelle et cr\u00e9ative se modernisent et s\u2019exportent bien.<\/p>\n<p>Toutefois, les importations de produits industriels (hors \u00e9nergie et produits p\u00e9troliers) restent encore \u00e9lev\u00e9es et en augmentation (55,7% des importations totales en 2019 \u00e0 57,1% en 2020).<\/p>\n<p>Il est donc important pour la C\u00f4te d\u2019Ivoire de renforcer la participation du secteur priv\u00e9 dont la contribution au financement du PND 2021-2025 est estim\u00e9e \u00e0 75% (soit 67,5 milliards d\u2019euros) aux activit\u00e9s de recherche et d\u00e9veloppement, d\u2019innovation et de la qualit\u00e9 en vue d\u2019acc\u00e9l\u00e9rer la comp\u00e9titivit\u00e9 des entreprises qui se pr\u00e9sente comme la meilleure d\u00e9fense des produits \u00ab Made in C\u00f4te d\u2019Ivoire \u00bb, et profiter des opportunit\u00e9s qu\u2019offre la Zone de Libre-Echange Continentale Africaine (ZLECAf) qui compte 1,3 milliard de consommateurs.<\/p>\n<p>L\u2019int\u00e9r\u00eat croissant des consommateurs pour des produits de qualit\u00e9 et la crise du Covid-19 conduisent de nombreux consommateurs ivoiriens \u00e0 privil\u00e9gier la qualit\u00e9 \u00e0 la quantit\u00e9.<\/p>\n<p>Dans le secteur de la mode, par exemple, de plus en plus de personnes privil\u00e9gient les produits \u00ab Made in C\u00f4te d\u2019Ivoire \u00bb, car elles ont l\u2019assurance d\u2019obtenir une plus grande qualit\u00e9 du v\u00eatement qu&rsquo;elles ach\u00e8tent et sont donc pr\u00eates \u00e0 payer plus cher pour un produit de mode de fabrication ivoirienne.<\/p>\n<p>L\u2019embellie notable au plan \u00e9conomique enregistr\u00e9e par notre pays ne peut faire l\u2019\u00e9conomie de pr\u00e9occupations essentielles.<\/p>\n<p>En effet, comment consolider ces acquis si les produits et services fabriqu\u00e9s par les entreprises ne sont pas connus par les populations vivant en C\u00f4te d\u2019Ivoire ?<\/p>\n<p>Comment rendre ces entreprises comp\u00e9titives si les produits mis \u00e0 march\u00e9 sont d\u00e9laiss\u00e9s au profit d\u2019autres produits provenant d\u2019autres origines ?<\/p>\n<p>Combien sommes-nous \u00e0 privil\u00e9gier la qualit\u00e9 et l\u2019originalit\u00e9 du made in C\u00f4te d\u2019Ivoire au d\u00e9triment de celle d\u2019autres pays, voire d\u2019autres continents ?<\/p>\n<p>C\u2019est pour apporter une solution \u00e0 ces probl\u00e9matiques que mon D\u00e9partement minist\u00e9riel a initi\u00e9 la \u00ab Foire du Made in C\u00f4te d\u2019Ivoire \u00bb, en abr\u00e9g\u00e9 FOMCI.<\/p>\n<p>La Foire du \u00ab Made in C\u00f4te d\u2019Ivoire \u00bb con\u00e7ue pour servir de plateforme d\u2019exposition des produits et services propos\u00e9s par les entreprises industrielles, financi\u00e8res, technologiques, artisanales et commerciales implant\u00e9es en C\u00f4te d\u2019Ivoire, ambitionne de leur donner une plus grande visibilit\u00e9 et contribuer \u00e0 mieux les faire conna\u00eetre et appr\u00e9cier par les populations vivant en C\u00f4te d\u2019Ivoire et partout ailleurs dans le monde.<\/p>\n<p>La FOMCI vise, de mani\u00e8re sp\u00e9cifique, \u00e0 promouvoir l\u2019innovation et la qualit\u00e9 des produits Made in C\u00f4te d\u2019Ivoire, \u00e0 cr\u00e9er un cadre de promotion de l\u2019excellence en mati\u00e8re d\u2019inventions ivoiriennes, \u00e0 conqu\u00e9rir les acheteurs professionnels des cinq continents et \u00e0 favoriser la conclusion de contrats d\u2019affaires, de partenariat et de commande de produits fabriqu\u00e9s en C\u00f4te d\u2019Ivoire.[\/vc_column_text][tm_spacer size=\u00a0\u00bblg:78&Prime;][\/vc_column_inner][\/vc_row_inner][\/vc_column][\/vc_row]<\/p>\n<\/div>","protected":false},"excerpt":{"rendered":"<p>[vc_row][vc_column][tm_spacer size=\u00a0\u00bblg:125&Prime;][tm_heading style=\u00a0\u00bbmodern\u00a0\u00bb tag=\u00a0\u00bbh6&Prime; custom_google_font=\u00a0\u00bb\u00a0\u00bb text_color=\u00a0\u00bbcustom\u00a0\u00bb custom_text_color=\u00a0\u00bb#ababab\u00a0\u00bb]FOMCI 2023[\/tm_heading][tm_spacer size=\u00a0\u00bbsm:30;lg:29&Prime;][vc_row_inner][vc_column_inner width=\u00a0\u00bb1\/3&Prime;][tm_image align=\u00a0\u00bbcenter\u00a0\u00bb image=\u00a0\u00bb10539&Prime;][tm_spacer size=\u00a0\u00bbsm:30;lg:20&Prime;][vc_column_text css=\u00a0\u00bb.vc_custom_1689264189787{padding-top: 5px !important;padding-right: 8px !important;padding-bottom: 5px !important;padding-left: 8px !important;}\u00a0\u00bb]Mr Souleymane DIARRASSOUBA[\/vc_column_text][vc_column_text css=\u00a0\u00bb.vc_custom_1689264203348{padding-right: 8px !important;padding-left: 8px !important;}\u00a0\u00bb]MINISTRE DU COMMERCE, DE L\u2019INDUSTRIE ET DE LA PROMOTION DES PME[\/vc_column_text][\/vc_column_inner][vc_column_inner width=\u00a0\u00bb2\/3&Prime;][vc_column_text]La strat\u00e9gie de d\u00e9veloppement mise en \u0153uvre par le Gouvernement, inspir\u00e9e de la vision de Son [&hellip;]<\/p>\n","protected":false},"author":1,"featured_media":0,"parent":10375,"menu_order":0,"comment_status":"closed","ping_status":"closed","template":"","meta":{"footnotes":""},"class_list":["post-10568","page","type-page","status-publish","hentry"],"_links":{"self":[{"href":"https:\/\/fomci2025.ici225.com\/index.php?rest_route=\/wp\/v2\/pages\/10568","targetHints":{"allow":["GET"]}}],"collection":[{"href":"https:\/\/fomci2025.ici225.com\/index.php?rest_route=\/wp\/v2\/pages"}],"about":[{"href":"https:\/\/fomci2025.ici225.com\/index.php?rest_route=\/wp\/v2\/types\/page"}],"author":[{"embeddable":true,"href":"https:\/\/fomci2025.ici225.com\/index.php?rest_route=\/wp\/v2\/users\/1"}],"replies":[{"embeddable":true,"href":"https:\/\/fomci2025.ici225.com\/index.php?rest_route=%2Fwp%2Fv2%2Fcomments&post=10568"}],"version-history":[{"count":0,"href":"https:\/\/fomci2025.ici225.com\/index.php?rest_route=\/wp\/v2\/pages\/10568\/revisions"}],"up":[{"embeddable":true,"href":"https:\/\/fomci2025.ici225.com\/index.php?rest_route=\/wp\/v2\/pages\/10375"}],"wp:attachment":[{"href":"https:\/\/fomci2025.ici225.com\/index.php?rest_route=%2Fwp%2Fv2%2Fmedia&parent=10568"}],"curies":[{"name":"wp","href":"https:\/\/api.w.org\/{rel}","templated":true}]}}