{"id":10395,"date":"2023-06-28T19:40:57","date_gmt":"2023-06-28T17:40:57","guid":{"rendered":"https:\/\/fomci.ici225.com\/?page_id=10395"},"modified":"2023-06-28T19:40:57","modified_gmt":"2023-06-28T17:40:57","slug":"forum","status":"publish","type":"page","link":"https:\/\/fomci2025.ici225.com\/?page_id=10395","title":{"rendered":"FORUM"},"content":{"rendered":"<div class=\"wpb-content-wrapper\"><p>[vc_row][vc_column][tm_spacer size=\u00a0\u00bblg:125&Prime;][tm_heading style=\u00a0\u00bbmodern\u00a0\u00bb tag=\u00a0\u00bbh6&Prime; custom_google_font=\u00a0\u00bb\u00a0\u00bb text_color=\u00a0\u00bbcustom\u00a0\u00bb custom_text_color=\u00a0\u00bb#ababab\u00a0\u00bb]FOMCI 2023[\/tm_heading][tm_spacer size=\u00a0\u00bblg:23&Prime;][tm_heading custom_google_font=\u00a0\u00bb\u00a0\u00bb google_fonts=\u00a0\u00bbfont_family:hackney%3Aregular|font_style:400%20regular%3A400%3Anormal\u00a0\u00bb font_size=\u00a0\u00bbsm:15;md:22;lg:28&Prime; line_height=\u00a0\u00bb1.4&Prime; max_width=\u00a0\u00bb740px\u00a0\u00bb]Le th\u00e8me retenu pour la FOMCI 2023 est <mark>\u2018\u2019La qualit\u00e9 Made in C\u00f4te d\u2019Ivoire, opportunit\u00e9s d\u2019affaires et facteur de croissance inclusive\u2019\u2019<\/mark>[\/tm_heading][vc_row_inner][vc_column_inner width=\u00a0\u00bb2\/3&Prime;][tm_spacer size=\u00a0\u00bbsm:30;lg:29&Prime;][vc_column_text]Ce th\u00e8me montre l\u2019importance de mettre en avant la qualit\u00e9 des produits locaux. En mettant l&rsquo;accent sur la qualit\u00e9 \u00ab\u00a0Made in C\u00f4te d\u2019Ivoire \u00bb, c\u2019est encourager les consommateurs \u00e0 se tourner vers des produits locaux, ce qui peut stimuler la croissance \u00e9conomique et r\u00e9duire la d\u00e9pendance de l&rsquo;ext\u00e9rieur.<\/p>\n<p>Ce th\u00e8me offre \u00e9galement une opportunit\u00e9 de sensibiliser les entreprises locales sur l&rsquo;importance de la qualit\u00e9 des produits, qui est un \u00e9l\u00e9ment essentiel pour le d\u00e9veloppement des affaires. La qualit\u00e9 des produits locaux peut aider \u00e0 renforcer la confiance des consommateurs et \u00e0 accro\u00eetre leur satisfaction, ce qui peut am\u00e9liorer la r\u00e9putation des entreprises locales.<\/p>\n<p>Enfin, par ce th\u00e8me, l&rsquo;importance de la croissance inclusive, qui vise \u00e0 s\u2019assurer que les avantages \u00e9conomiques et sociaux de la croissance soient partag\u00e9s par tous les membres de la soci\u00e9t\u00e9 est mis en \u00e9vidence. En faisant le lien entre les opportunit\u00e9s d&rsquo;affaires et la qualit\u00e9 des produits locaux, cela contribue \u00e0 la cr\u00e9ation d&#8217;emplois locaux et au d\u00e9veloppement \u00e9conomique, en impliquant tous les acteurs locaux dans le processus.[\/vc_column_text][tm_spacer size=\u00a0\u00bblg:78&Prime;][\/vc_column_inner][vc_column_inner width=\u00a0\u00bb1\/3&Prime;][tm_image align=\u00a0\u00bbcenter\u00a0\u00bb image=\u00a0\u00bb10540&Prime;][\/vc_column_inner][\/vc_row_inner][\/vc_column][\/vc_row]<\/p>\n<\/div>","protected":false},"excerpt":{"rendered":"<p>[vc_row][vc_column][tm_spacer size=\u00a0\u00bblg:125&Prime;][tm_heading style=\u00a0\u00bbmodern\u00a0\u00bb tag=\u00a0\u00bbh6&Prime; custom_google_font=\u00a0\u00bb\u00a0\u00bb text_color=\u00a0\u00bbcustom\u00a0\u00bb custom_text_color=\u00a0\u00bb#ababab\u00a0\u00bb]FOMCI 2023[\/tm_heading][tm_spacer size=\u00a0\u00bblg:23&Prime;][tm_heading custom_google_font=\u00a0\u00bb\u00a0\u00bb google_fonts=\u00a0\u00bbfont_family:hackney%3Aregular|font_style:400%20regular%3A400%3Anormal\u00a0\u00bb font_size=\u00a0\u00bbsm:15;md:22;lg:28&Prime; line_height=\u00a0\u00bb1.4&Prime; max_width=\u00a0\u00bb740px\u00a0\u00bb]Le th\u00e8me retenu pour la FOMCI 2023 est \u2018\u2019La qualit\u00e9 Made in C\u00f4te d\u2019Ivoire, opportunit\u00e9s d\u2019affaires et facteur de croissance inclusive\u2019\u2019[\/tm_heading][vc_row_inner][vc_column_inner width=\u00a0\u00bb2\/3&Prime;][tm_spacer size=\u00a0\u00bbsm:30;lg:29&Prime;][vc_column_text]Ce th\u00e8me montre l\u2019importance de mettre en avant la qualit\u00e9 des produits locaux. En mettant l&rsquo;accent sur la qualit\u00e9 \u00ab\u00a0Made [&hellip;]<\/p>\n","protected":false},"author":1,"featured_media":0,"parent":10393,"menu_order":0,"comment_status":"closed","ping_status":"closed","template":"","meta":{"footnotes":""},"class_list":["post-10395","page","type-page","status-publish","hentry"],"_links":{"self":[{"href":"https:\/\/fomci2025.ici225.com\/index.php?rest_route=\/wp\/v2\/pages\/10395","targetHints":{"allow":["GET"]}}],"collection":[{"href":"https:\/\/fomci2025.ici225.com\/index.php?rest_route=\/wp\/v2\/pages"}],"about":[{"href":"https:\/\/fomci2025.ici225.com\/index.php?rest_route=\/wp\/v2\/types\/page"}],"author":[{"embeddable":true,"href":"https:\/\/fomci2025.ici225.com\/index.php?rest_route=\/wp\/v2\/users\/1"}],"replies":[{"embeddable":true,"href":"https:\/\/fomci2025.ici225.com\/index.php?rest_route=%2Fwp%2Fv2%2Fcomments&post=10395"}],"version-history":[{"count":0,"href":"https:\/\/fomci2025.ici225.com\/index.php?rest_route=\/wp\/v2\/pages\/10395\/revisions"}],"up":[{"embeddable":true,"href":"https:\/\/fomci2025.ici225.com\/index.php?rest_route=\/wp\/v2\/pages\/10393"}],"wp:attachment":[{"href":"https:\/\/fomci2025.ici225.com\/index.php?rest_route=%2Fwp%2Fv2%2Fmedia&parent=10395"}],"curies":[{"name":"wp","href":"https:\/\/api.w.org\/{rel}","templated":true}]}}